{"id":3475,"date":"2026-03-20T22:20:14","date_gmt":"2026-03-20T21:20:14","guid":{"rendered":"https:\/\/creanine.com\/?post_type=product&#038;p=3475"},"modified":"2026-03-20T23:33:54","modified_gmt":"2026-03-20T22:33:54","slug":"decoration-a-poser-de-paques-lumineuse-1","status":"publish","type":"product","link":"https:\/\/creanine.com\/index.php\/produit\/decoration-a-poser-de-paques-lumineuse-1\/","title":{"rendered":"DECORATION A POSER DE PAQUES-LUMINEUSE"},"content":{"rendered":"<p><span style=\"color: #664f4c;\">D\u00e9coration \u00e0 poser de P\u00e2ques Cr\u00e9a Nine. Sous la lumi\u00e8re douce des f\u00eates, elle apporte une touche de chaleur \u00e0 votre int\u00e9rieur. <\/span><\/p>\n<p><span style=\"color: #664f4c;\">Cette d\u00e9coration est compos\u00e9e d&rsquo;un d\u00e9cor con\u00e7u avec minutie aux couleurs du printemps . Elle est habill\u00e9e de fleurs et de feuillages artificiels . Pour sublimer l&rsquo;ensemble, une figurine assortie vient s&rsquo;y poser, choisie pour s&rsquo;accorder en douceur aux teintes et \u00e0 l&rsquo;ambiance de chaque d\u00e9cor.\u00a0<\/span><\/p>\n<p><span style=\"color: #664f4c;\">Cette d\u00e9coration \u00e0 poser se place sur une \u00e9tag\u00e8re ou un buffet , une bougie led vient la compl\u00e9ter pour cr\u00e9er un coin apaisant, empreint de tendresse et d&rsquo;\u00e9motion.<\/span><\/p>\n<p><span style=\"color: #664f4c;\">Chaque mod\u00e8le est unique, fruit d&rsquo;une inspiration du moment, d&rsquo;une envie de beaut\u00e9 et de partage . On y trouve l&rsquo;esprit des f\u00eates de P\u00e2ques dans toute sa simplicit\u00e9 et son authenticit\u00e9.<\/span><\/p>\n<p><strong><span style=\"color: #664f4c;\">Caract\u00e9ristiques:<\/span><\/strong><\/p>\n<ul>\n<li><span style=\"color: #664f4c;\">Mat\u00e9riaux principaux: guirlande de plumes , ruban en dentelle , fleurs et feuillage artificiels, bougie led ,\u00a0 socle en contreplaqu\u00e9 et figurine<\/span><\/li>\n<li><span style=\"color: #664f4c;\">Dimensions : hauteur=20 cm &#8211; largeur=10 cm &#8211; longueur=20 cm<\/span><\/li>\n<\/ul>\n<p><span style=\"color: #664f4c;\">Emballage soign\u00e9 et pr\u00eat \u00e0 offrir<\/span><\/p>\n<p><span style=\"color: #664f4c;\">Frais d&rsquo;exp\u00e9dition calcul\u00e9s \u00e0 l&rsquo;\u00e9tape de paiement<\/span><\/p>\n<h4><\/h4>\n","protected":false},"excerpt":{"rendered":"<p><span style=\"color: #891717;\"><strong>Sous la lumi\u00e8re douce des f\u00eates, la d\u00e9coration \u00e0 poser de P\u00e2ques Cr\u00e9a Nine apporte une touche de chaleur \u00e0 votre int\u00e9rieur.\u00a0 Cette d\u00e9coration \u00e0 poser est compos\u00e9e d&rsquo;un d\u00e9cor fleuri con\u00e7u avec minutie aux couleurs du printemps .<\/strong><\/span><\/p>\n","protected":false},"featured_media":3462,"comment_status":"open","ping_status":"closed","template":"","meta":{"_monsterinsights_skip_tracking":false,"_monsterinsights_sitenote_active":false,"_monsterinsights_sitenote_note":"","_monsterinsights_sitenote_category":0},"product_brand":[],"product_cat":[177,183],"product_tag":[],"class_list":{"0":"post-3475","1":"product","2":"type-product","3":"status-publish","4":"has-post-thumbnail","6":"product_cat-decoration-a-poser","7":"product_cat-paques","8":"product_shipping_class-jusque-500g","10":"first","11":"instock","12":"sold-individually","13":"shipping-taxable","14":"purchasable","15":"product-type-simple"},"yoast_head":"<!-- This site is optimized with the Yoast SEO plugin v27.2 - https:\/\/yoast.com\/product\/yoast-seo-wordpress\/ -->\n<title>DECORATION A POSER DE PAQUES-LUMINEUSE - Cr\u00e9a Nine<\/title>\n<meta name=\"description\" content=\"La d\u00e9coration \u00e0 poser de P\u00e2ques apporte une touche de chaleur \u00e0 votre int\u00e9rieur . Elle est compos\u00e9e d&#039;un d\u00e9cor fleuri aux couleurs du printemps .\" \/>\n<meta name=\"robots\" content=\"index, follow, max-snippet:-1, max-image-preview:large, max-video-preview:-1\" \/>\n<link rel=\"canonical\" href=\"https:\/\/creanine.com\/index.php\/produit\/decoration-a-poser-de-paques-lumineuse-1\/\" \/>\n<meta property=\"og:locale\" content=\"fr_FR\" \/>\n<meta property=\"og:type\" content=\"article\" \/>\n<meta property=\"og:title\" content=\"DECORATION A POSER DE PAQUES-LUMINEUSE - Cr\u00e9a Nine\" \/>\n<meta property=\"og:description\" content=\"La d\u00e9coration \u00e0 poser de P\u00e2ques apporte une touche de chaleur \u00e0 votre int\u00e9rieur . Elle est compos\u00e9e d&#039;un d\u00e9cor fleuri aux couleurs du printemps .\" \/>\n<meta property=\"og:url\" content=\"https:\/\/creanine.com\/index.php\/produit\/decoration-a-poser-de-paques-lumineuse-1\/\" \/>\n<meta property=\"og:site_name\" content=\"Cr\u00e9a Nine\" \/>\n<meta property=\"article:publisher\" content=\"https:\/\/www.facebook.com\/profile.php?id=61556981834134\" \/>\n<meta property=\"article:modified_time\" content=\"2026-03-20T22:33:54+00:00\" \/>\n<meta property=\"og:image\" content=\"https:\/\/creanine.com\/wp-content\/uploads\/2026\/03\/Photoroom-20260202_193513353-9.png\" \/>\n\t<meta property=\"og:image:width\" content=\"500\" \/>\n\t<meta property=\"og:image:height\" content=\"500\" \/>\n\t<meta property=\"og:image:type\" content=\"image\/png\" \/>\n<meta name=\"twitter:card\" content=\"summary_large_image\" \/>\n<meta name=\"twitter:label1\" content=\"Dur\u00e9e de lecture estim\u00e9e\" \/>\n\t<meta name=\"twitter:data1\" content=\"2 minutes\" \/>\n<script type=\"application\/ld+json\" class=\"yoast-schema-graph\">{\"@context\":\"https:\/\/schema.org\",\"@graph\":[{\"@type\":\"WebPage\",\"@id\":\"https:\/\/creanine.com\/index.php\/produit\/decoration-a-poser-de-paques-lumineuse-1\/\",\"url\":\"https:\/\/creanine.com\/index.php\/produit\/decoration-a-poser-de-paques-lumineuse-1\/\",\"name\":\"DECORATION A POSER DE PAQUES-LUMINEUSE - Cr\u00e9a Nine\",\"isPartOf\":{\"@id\":\"https:\/\/creanine.com\/#website\"},\"primaryImageOfPage\":{\"@id\":\"https:\/\/creanine.com\/index.php\/produit\/decoration-a-poser-de-paques-lumineuse-1\/#primaryimage\"},\"image\":{\"@id\":\"https:\/\/creanine.com\/index.php\/produit\/decoration-a-poser-de-paques-lumineuse-1\/#primaryimage\"},\"thumbnailUrl\":\"https:\/\/creanine.com\/wp-content\/uploads\/2026\/03\/Photoroom-20260202_193513353-9.png\",\"datePublished\":\"2026-03-20T21:20:14+00:00\",\"dateModified\":\"2026-03-20T22:33:54+00:00\",\"description\":\"La d\u00e9coration \u00e0 poser de P\u00e2ques apporte une touche de chaleur \u00e0 votre int\u00e9rieur . Elle est compos\u00e9e d'un d\u00e9cor fleuri aux couleurs du printemps .\",\"breadcrumb\":{\"@id\":\"https:\/\/creanine.com\/index.php\/produit\/decoration-a-poser-de-paques-lumineuse-1\/#breadcrumb\"},\"inLanguage\":\"fr-FR\",\"potentialAction\":[{\"@type\":\"ReadAction\",\"target\":[\"https:\/\/creanine.com\/index.php\/produit\/decoration-a-poser-de-paques-lumineuse-1\/\"]}]},{\"@type\":\"ImageObject\",\"inLanguage\":\"fr-FR\",\"@id\":\"https:\/\/creanine.com\/index.php\/produit\/decoration-a-poser-de-paques-lumineuse-1\/#primaryimage\",\"url\":\"https:\/\/creanine.com\/wp-content\/uploads\/2026\/03\/Photoroom-20260202_193513353-9.png\",\"contentUrl\":\"https:\/\/creanine.com\/wp-content\/uploads\/2026\/03\/Photoroom-20260202_193513353-9.png\",\"width\":500,\"height\":500,\"caption\":\"d\u00e9coration \u00e0 poser\"},{\"@type\":\"BreadcrumbList\",\"@id\":\"https:\/\/creanine.com\/index.php\/produit\/decoration-a-poser-de-paques-lumineuse-1\/#breadcrumb\",\"itemListElement\":[{\"@type\":\"ListItem\",\"position\":1,\"name\":\"Accueil\",\"item\":\"https:\/\/creanine.com\/\"},{\"@type\":\"ListItem\",\"position\":2,\"name\":\"Boutique\",\"item\":\"https:\/\/creanine.com\/index.php\/boutique\/\"},{\"@type\":\"ListItem\",\"position\":3,\"name\":\"DECORATION A POSER DE PAQUES-LUMINEUSE\"}]},{\"@type\":\"WebSite\",\"@id\":\"https:\/\/creanine.com\/#website\",\"url\":\"https:\/\/creanine.com\/\",\"name\":\"creanine.com\",\"description\":\"Des cr\u00e9ations faites main pour enchanter votre quotidien\",\"publisher\":{\"@id\":\"https:\/\/creanine.com\/#organization\"},\"potentialAction\":[{\"@type\":\"SearchAction\",\"target\":{\"@type\":\"EntryPoint\",\"urlTemplate\":\"https:\/\/creanine.com\/?s={search_term_string}\"},\"query-input\":{\"@type\":\"PropertyValueSpecification\",\"valueRequired\":true,\"valueName\":\"search_term_string\"}}],\"inLanguage\":\"fr-FR\"},{\"@type\":\"Organization\",\"@id\":\"https:\/\/creanine.com\/#organization\",\"name\":\"Cr\u00e9a Nine\",\"url\":\"https:\/\/creanine.com\/\",\"logo\":{\"@type\":\"ImageObject\",\"inLanguage\":\"fr-FR\",\"@id\":\"https:\/\/creanine.com\/#\/schema\/logo\/image\/\",\"url\":\"https:\/\/creanine.com\/wp-content\/uploads\/2025\/07\/cropped-Black-White-Minimalist-Professional-Initial-Logo_20250715_230633_0000-1.png\",\"contentUrl\":\"https:\/\/creanine.com\/wp-content\/uploads\/2025\/07\/cropped-Black-White-Minimalist-Professional-Initial-Logo_20250715_230633_0000-1.png\",\"width\":500,\"height\":144,\"caption\":\"Cr\u00e9a Nine\"},\"image\":{\"@id\":\"https:\/\/creanine.com\/#\/schema\/logo\/image\/\"},\"sameAs\":[\"https:\/\/www.facebook.com\/profile.php?id=61556981834134\"]}]}<\/script>\n<!-- \/ Yoast SEO plugin. -->","yoast_head_json":{"title":"DECORATION A POSER DE PAQUES-LUMINEUSE - Cr\u00e9a Nine","description":"La d\u00e9coration \u00e0 poser de P\u00e2ques apporte une touche de chaleur \u00e0 votre int\u00e9rieur . Elle est compos\u00e9e d'un d\u00e9cor fleuri aux couleurs du printemps .","robots":{"index":"index","follow":"follow","max-snippet":"max-snippet:-1","max-image-preview":"max-image-preview:large","max-video-preview":"max-video-preview:-1"},"canonical":"https:\/\/creanine.com\/index.php\/produit\/decoration-a-poser-de-paques-lumineuse-1\/","og_locale":"fr_FR","og_type":"article","og_title":"DECORATION A POSER DE PAQUES-LUMINEUSE - Cr\u00e9a Nine","og_description":"La d\u00e9coration \u00e0 poser de P\u00e2ques apporte une touche de chaleur \u00e0 votre int\u00e9rieur . Elle est compos\u00e9e d'un d\u00e9cor fleuri aux couleurs du printemps .","og_url":"https:\/\/creanine.com\/index.php\/produit\/decoration-a-poser-de-paques-lumineuse-1\/","og_site_name":"Cr\u00e9a Nine","article_publisher":"https:\/\/www.facebook.com\/profile.php?id=61556981834134","article_modified_time":"2026-03-20T22:33:54+00:00","og_image":[{"width":500,"height":500,"url":"https:\/\/creanine.com\/wp-content\/uploads\/2026\/03\/Photoroom-20260202_193513353-9.png","type":"image\/png"}],"twitter_card":"summary_large_image","twitter_misc":{"Dur\u00e9e de lecture estim\u00e9e":"2 minutes"},"schema":{"@context":"https:\/\/schema.org","@graph":[{"@type":"WebPage","@id":"https:\/\/creanine.com\/index.php\/produit\/decoration-a-poser-de-paques-lumineuse-1\/","url":"https:\/\/creanine.com\/index.php\/produit\/decoration-a-poser-de-paques-lumineuse-1\/","name":"DECORATION A POSER DE PAQUES-LUMINEUSE - Cr\u00e9a Nine","isPartOf":{"@id":"https:\/\/creanine.com\/#website"},"primaryImageOfPage":{"@id":"https:\/\/creanine.com\/index.php\/produit\/decoration-a-poser-de-paques-lumineuse-1\/#primaryimage"},"image":{"@id":"https:\/\/creanine.com\/index.php\/produit\/decoration-a-poser-de-paques-lumineuse-1\/#primaryimage"},"thumbnailUrl":"https:\/\/creanine.com\/wp-content\/uploads\/2026\/03\/Photoroom-20260202_193513353-9.png","datePublished":"2026-03-20T21:20:14+00:00","dateModified":"2026-03-20T22:33:54+00:00","description":"La d\u00e9coration \u00e0 poser de P\u00e2ques apporte une touche de chaleur \u00e0 votre int\u00e9rieur . Elle est compos\u00e9e d'un d\u00e9cor fleuri aux couleurs du printemps .","breadcrumb":{"@id":"https:\/\/creanine.com\/index.php\/produit\/decoration-a-poser-de-paques-lumineuse-1\/#breadcrumb"},"inLanguage":"fr-FR","potentialAction":[{"@type":"ReadAction","target":["https:\/\/creanine.com\/index.php\/produit\/decoration-a-poser-de-paques-lumineuse-1\/"]}]},{"@type":"ImageObject","inLanguage":"fr-FR","@id":"https:\/\/creanine.com\/index.php\/produit\/decoration-a-poser-de-paques-lumineuse-1\/#primaryimage","url":"https:\/\/creanine.com\/wp-content\/uploads\/2026\/03\/Photoroom-20260202_193513353-9.png","contentUrl":"https:\/\/creanine.com\/wp-content\/uploads\/2026\/03\/Photoroom-20260202_193513353-9.png","width":500,"height":500,"caption":"d\u00e9coration \u00e0 poser"},{"@type":"BreadcrumbList","@id":"https:\/\/creanine.com\/index.php\/produit\/decoration-a-poser-de-paques-lumineuse-1\/#breadcrumb","itemListElement":[{"@type":"ListItem","position":1,"name":"Accueil","item":"https:\/\/creanine.com\/"},{"@type":"ListItem","position":2,"name":"Boutique","item":"https:\/\/creanine.com\/index.php\/boutique\/"},{"@type":"ListItem","position":3,"name":"DECORATION A POSER DE PAQUES-LUMINEUSE"}]},{"@type":"WebSite","@id":"https:\/\/creanine.com\/#website","url":"https:\/\/creanine.com\/","name":"creanine.com","description":"Des cr\u00e9ations faites main pour enchanter votre quotidien","publisher":{"@id":"https:\/\/creanine.com\/#organization"},"potentialAction":[{"@type":"SearchAction","target":{"@type":"EntryPoint","urlTemplate":"https:\/\/creanine.com\/?s={search_term_string}"},"query-input":{"@type":"PropertyValueSpecification","valueRequired":true,"valueName":"search_term_string"}}],"inLanguage":"fr-FR"},{"@type":"Organization","@id":"https:\/\/creanine.com\/#organization","name":"Cr\u00e9a Nine","url":"https:\/\/creanine.com\/","logo":{"@type":"ImageObject","inLanguage":"fr-FR","@id":"https:\/\/creanine.com\/#\/schema\/logo\/image\/","url":"https:\/\/creanine.com\/wp-content\/uploads\/2025\/07\/cropped-Black-White-Minimalist-Professional-Initial-Logo_20250715_230633_0000-1.png","contentUrl":"https:\/\/creanine.com\/wp-content\/uploads\/2025\/07\/cropped-Black-White-Minimalist-Professional-Initial-Logo_20250715_230633_0000-1.png","width":500,"height":144,"caption":"Cr\u00e9a Nine"},"image":{"@id":"https:\/\/creanine.com\/#\/schema\/logo\/image\/"},"sameAs":["https:\/\/www.facebook.com\/profile.php?id=61556981834134"]}]}},"_links":{"self":[{"href":"https:\/\/creanine.com\/index.php\/wp-json\/wp\/v2\/product\/3475","targetHints":{"allow":["GET"]}}],"collection":[{"href":"https:\/\/creanine.com\/index.php\/wp-json\/wp\/v2\/product"}],"about":[{"href":"https:\/\/creanine.com\/index.php\/wp-json\/wp\/v2\/types\/product"}],"replies":[{"embeddable":true,"href":"https:\/\/creanine.com\/index.php\/wp-json\/wp\/v2\/comments?post=3475"}],"wp:featuredmedia":[{"embeddable":true,"href":"https:\/\/creanine.com\/index.php\/wp-json\/wp\/v2\/media\/3462"}],"wp:attachment":[{"href":"https:\/\/creanine.com\/index.php\/wp-json\/wp\/v2\/media?parent=3475"}],"wp:term":[{"taxonomy":"product_brand","embeddable":true,"href":"https:\/\/creanine.com\/index.php\/wp-json\/wp\/v2\/product_brand?post=3475"},{"taxonomy":"product_cat","embeddable":true,"href":"https:\/\/creanine.com\/index.php\/wp-json\/wp\/v2\/product_cat?post=3475"},{"taxonomy":"product_tag","embeddable":true,"href":"https:\/\/creanine.com\/index.php\/wp-json\/wp\/v2\/product_tag?post=3475"}],"curies":[{"name":"wp","href":"https:\/\/api.w.org\/{rel}","templated":true}]}}